{"id":156,"date":"2026-03-30T18:17:07","date_gmt":"2026-03-30T18:17:07","guid":{"rendered":"https:\/\/lightslategray-worm-994052.hostingersite.com\/?page_id=156"},"modified":"2026-04-13T13:52:41","modified_gmt":"2026-04-13T13:52:41","slug":"menu","status":"publish","type":"page","link":"https:\/\/pops.nl\/de\/menu\/","title":{"rendered":"Men\u00fc"},"content":{"rendered":"<section class=\"l-section wpb_row us_custom_eac59c77 height_medium\"><div class=\"l-section-h i-cf\"><div class=\"g-cols vc_row via_grid cols_1 laptops-cols_inherit tablets-cols_inherit mobiles-cols_1 valign_top type_default stacking_default\"><div class=\"wpb_column vc_column_container\"><div class=\"vc_column-inner\"><h1 class=\"w-text us_custom_eb849559\"><span class=\"w-text-h\"><span class=\"w-text-value\">Men\u00fc<\/span><\/span><\/h1><\/div><\/div><\/div><\/div><\/section><section class=\"l-section wpb_row height_medium\"><div class=\"l-section-h i-cf\"><div class=\"g-cols vc_row via_grid cols_1 laptops-cols_inherit tablets-cols_inherit mobiles-cols_1 valign_top type_default stacking_default\"><div class=\"wpb_column vc_column_container us_custom_60e9caca us_animate_this\"><div class=\"vc_column-inner\"><div class=\"wpb_text_column us_custom_99dce4f6\"><div class=\"wpb_wrapper\"><h2 style=\"text-align: center;\">Men\u00fckarten<\/h2>\n<p style=\"text-align: center;\"><span>Mittagessen, Abendessen, ganzt\u00e4gig, Getr\u00e4nke<\/span><\/p>\n<\/div><\/div><div class=\"w-separator size_small\"><\/div><div class=\"g-cols wpb_row via_grid cols_2 laptops-cols_inherit tablets-cols_2 mobiles-cols_1 valign_top type_default\" style=\"--columns-gap:3rem;\"><div class=\"wpb_column vc_column_container us_custom_eac59c77 service-card has_bg_color has-link\"><div class=\"vc_column-inner\"><div class=\"w-image us_custom_1ab5f544 has_ratio align_none\"><div class=\"w-image-h\"><div style=\"padding-bottom:75%\"><\/div><img decoding=\"async\" width=\"1024\" height=\"1024\" src=\"https:\/\/pops.nl\/wp-content\/uploads\/2026\/04\/Smakelijke-close-up-van-een-cheeseburger-1.png\" class=\"attachment-large size-large\" alt=\"\" loading=\"lazy\" \/><\/div><\/div><div class=\"w-separator size_small\"><\/div><h3 class=\"w-text us_custom_9c33410b\"><span class=\"w-text-h\"><span class=\"w-text-value\">Mittagsmen\u00fc<\/span><\/span><\/h3><div class=\"wpb_text_column us_custom_0259209c has_text_color\"><div class=\"wpb_wrapper\"><p>Lassen Sie sich mit Burgern, Salaten, Milchshakes, Suppe, Club Sandwich und Hot Dogs verw\u00f6hnen.<\/p>\n<\/div><\/div><\/div><a href=\"https:\/\/pops.nl\/de\/lunchkaart\/\" class=\"vc_column-link smooth-scroll\" aria-label=\"Link\"><\/a><\/div><div class=\"wpb_column vc_column_container us_custom_eac59c77 service-card has_bg_color has-link\"><div class=\"vc_column-inner\"><div class=\"w-image us_custom_1ab5f544 has_ratio align_none\"><div class=\"w-image-h\"><div style=\"padding-bottom:75%\"><\/div><img decoding=\"async\" width=\"1254\" height=\"1254\" src=\"https:\/\/pops.nl\/wp-content\/uploads\/2026\/04\/Heerlijk-steakmaaltijd-met-bijgerechten.png\" class=\"attachment-full size-full\" alt=\"\" loading=\"lazy\" \/><\/div><\/div><div class=\"w-separator size_small\"><\/div><h3 class=\"w-text us_custom_9c33410b\"><span class=\"w-text-h\"><span class=\"w-text-value\">Men\u00fc zum Abendessen<\/span><\/span><\/h3><div class=\"wpb_text_column us_custom_0259209c has_text_color\"><div class=\"wpb_wrapper\"><p><span>K\u00f6stliches Essen mit Gerichten wie korngef\u00fctterte Bavette mit cremiger Pfeffersauce, gemischter Grill und \u2018S\u00fcdamerikanischer Ceviche\u2019. Sind Sie neugierig, was Sie als n\u00e4chstes essen werden? Werfen Sie einen kurzen Blick auf die Speisekarte!<\/span><\/p>\n<\/div><\/div><\/div><a href=\"https:\/\/pops.nl\/de\/dinerkaart\/\" class=\"vc_column-link smooth-scroll\" aria-label=\"Link\"><\/a><\/div><div class=\"wpb_column vc_column_container us_custom_eac59c77 service-card has_bg_color has-link\"><div class=\"vc_column-inner\"><div class=\"w-image us_custom_1ab5f544 has_ratio align_none\"><div class=\"w-image-h\"><div style=\"padding-bottom:66.6667%\"><\/div><img decoding=\"async\" width=\"1024\" height=\"765\" src=\"https:\/\/pops.nl\/wp-content\/uploads\/2026\/03\/Gemini_Generated_Image_x61jvjx61jvjx61j-1024x765.png\" class=\"attachment-large size-large\" alt=\"\" loading=\"lazy\" \/><\/div><\/div><div class=\"w-separator size_small\"><\/div><h3 class=\"w-text us_custom_9c33410b\"><span class=\"w-text-h\"><span class=\"w-text-value\">H\u00e4ppchen &amp; Bissen<\/span><\/span><\/h3><div class=\"wpb_text_column us_custom_0259209c has_text_color\"><div class=\"wpb_wrapper\"><p><span>Herzhafte Snacks &amp; Cocktails<\/span><\/p>\n<\/div><\/div><\/div><a href=\"https:\/\/pops.nl\/de\/bits-beist\/\" class=\"vc_column-link smooth-scroll\" aria-label=\"Link\"><\/a><\/div><div class=\"wpb_column vc_column_container us_custom_eac59c77 service-card has_bg_color has-link\"><div class=\"vc_column-inner\"><div class=\"w-image us_custom_1ab5f544 has_ratio align_none\"><div class=\"w-image-h\"><div style=\"padding-bottom:66.6667%\"><\/div><img decoding=\"async\" width=\"567\" height=\"627\" src=\"https:\/\/pops.nl\/wp-content\/uploads\/2026\/04\/20260406_213336.jpg\" class=\"attachment-large size-large\" alt=\"\" loading=\"lazy\" \/><\/div><\/div><div class=\"w-separator size_small\"><\/div><h3 class=\"w-text us_custom_9c33410b\"><span class=\"w-text-h\"><span class=\"w-text-value\">Getr\u00e4nkekarte<\/span><\/span><\/h3><div class=\"wpb_text_column us_custom_0259209c has_text_color\"><div class=\"wpb_wrapper\"><p>Die Getr\u00e4nkekarte von POPS ist besonders umfangreich. Verschiedene Kaffee- und Teesorten mit Geschichte, alkoholfreie Getr\u00e4nke sowie in- und ausl\u00e4ndische Spirituosen.<\/p>\n<\/div><\/div><\/div><a href=\"https:\/\/pops.nl\/de\/dranken\/\" class=\"vc_column-link smooth-scroll\" aria-label=\"Link\"><\/a><\/div><\/div><\/div><\/div><\/div><\/div><\/section>","protected":false},"excerpt":{"rendered":"MenuMenukaarten Lunch, diner, all day, borrel LunchkaartLuilekker genieten van burgers, salades, milkshakes, soep, clubsandwich en hotdogs. DinerkaartDelicieus dineren met gerechten als grainfed bavette met romige pepersaus, mixed grill en \u2018Zuid-Amerikaanse Ceviche\u2019 . \u2018Benieuwd naar wat je dan te eten krijgt? Bekijk snel de kaart! Bits &amp; BitesHartige hapjes &amp; cocktails DrankenkaartDe drankenlijst van POPS is...","protected":false},"author":1,"featured_media":0,"parent":0,"menu_order":0,"comment_status":"closed","ping_status":"closed","template":"","meta":{"footnotes":""},"class_list":["post-156","page","type-page","status-publish","hentry"],"yoast_head":"<!-- This site is optimized with the Yoast SEO plugin v27.3 - https:\/\/yoast.com\/product\/yoast-seo-wordpress\/ -->\n<title>Menu | Pops Wassenaar<\/title>\n<meta name=\"description\" content=\"Stap binnen bij POPS en laat je meenemen naar de smaken van de Amerikaanse keuken. Pops heeft een lunchkaart, dinerkaart en een drankenkaart.\" \/>\n<meta name=\"robots\" content=\"index, follow, max-snippet:-1, max-image-preview:large, max-video-preview:-1\" \/>\n<link rel=\"canonical\" href=\"https:\/\/pops.nl\/de\/menu\/\" \/>\n<meta property=\"og:locale\" content=\"de_DE\" \/>\n<meta property=\"og:type\" content=\"article\" \/>\n<meta property=\"og:title\" content=\"Menu | Pops Wassenaar\" \/>\n<meta property=\"og:description\" content=\"Stap binnen bij POPS en laat je meenemen naar de smaken van de Amerikaanse keuken. Pops heeft een lunchkaart, dinerkaart en een drankenkaart.\" \/>\n<meta property=\"og:url\" content=\"https:\/\/pops.nl\/de\/menu\/\" \/>\n<meta property=\"og:site_name\" content=\"pops.nl\" \/>\n<meta property=\"article:publisher\" content=\"https:\/\/www.facebook.com\/popswassenaar\" \/>\n<meta property=\"article:modified_time\" content=\"2026-04-13T13:52:41+00:00\" \/>\n<meta name=\"twitter:card\" content=\"summary_large_image\" \/>\n<meta name=\"twitter:label1\" content=\"Gesch\u00e4tzte Lesezeit\" \/>\n\t<meta name=\"twitter:data1\" content=\"1\u00a0Minute\" \/>\n<script type=\"application\/ld+json\" class=\"yoast-schema-graph\">{\"@context\":\"https:\\\/\\\/schema.org\",\"@graph\":[{\"@type\":\"WebPage\",\"@id\":\"https:\\\/\\\/pops.nl\\\/menu\\\/\",\"url\":\"https:\\\/\\\/pops.nl\\\/menu\\\/\",\"name\":\"Menu | Pops Wassenaar\",\"isPartOf\":{\"@id\":\"https:\\\/\\\/pops.nl\\\/#website\"},\"datePublished\":\"2026-03-30T18:17:07+00:00\",\"dateModified\":\"2026-04-13T13:52:41+00:00\",\"description\":\"Stap binnen bij POPS en laat je meenemen naar de smaken van de Amerikaanse keuken. Pops heeft een lunchkaart, dinerkaart en een drankenkaart.\",\"breadcrumb\":{\"@id\":\"https:\\\/\\\/pops.nl\\\/menu\\\/#breadcrumb\"},\"inLanguage\":\"de\",\"potentialAction\":[{\"@type\":\"ReadAction\",\"target\":[\"https:\\\/\\\/pops.nl\\\/menu\\\/\"]}]},{\"@type\":\"BreadcrumbList\",\"@id\":\"https:\\\/\\\/pops.nl\\\/menu\\\/#breadcrumb\",\"itemListElement\":[{\"@type\":\"ListItem\",\"position\":1,\"name\":\"Home\",\"item\":\"https:\\\/\\\/pops.nl\\\/\"},{\"@type\":\"ListItem\",\"position\":2,\"name\":\"Menu\"}]},{\"@type\":\"WebSite\",\"@id\":\"https:\\\/\\\/pops.nl\\\/#website\",\"url\":\"https:\\\/\\\/pops.nl\\\/\",\"name\":\"Pops\",\"description\":\"\",\"publisher\":{\"@id\":\"https:\\\/\\\/pops.nl\\\/#organization\"},\"potentialAction\":[{\"@type\":\"SearchAction\",\"target\":{\"@type\":\"EntryPoint\",\"urlTemplate\":\"https:\\\/\\\/pops.nl\\\/?s={search_term_string}\"},\"query-input\":{\"@type\":\"PropertyValueSpecification\",\"valueRequired\":true,\"valueName\":\"search_term_string\"}}],\"inLanguage\":\"de\"},{\"@type\":\"Organization\",\"@id\":\"https:\\\/\\\/pops.nl\\\/#organization\",\"name\":\"Pops\",\"url\":\"https:\\\/\\\/pops.nl\\\/\",\"logo\":{\"@type\":\"ImageObject\",\"inLanguage\":\"de\",\"@id\":\"https:\\\/\\\/pops.nl\\\/#\\\/schema\\\/logo\\\/image\\\/\",\"url\":\"https:\\\/\\\/pops.nl\\\/wp-content\\\/uploads\\\/2026\\\/03\\\/logo.png\",\"contentUrl\":\"https:\\\/\\\/pops.nl\\\/wp-content\\\/uploads\\\/2026\\\/03\\\/logo.png\",\"width\":233,\"height\":143,\"caption\":\"Pops\"},\"image\":{\"@id\":\"https:\\\/\\\/pops.nl\\\/#\\\/schema\\\/logo\\\/image\\\/\"},\"sameAs\":[\"https:\\\/\\\/www.facebook.com\\\/popswassenaar\",\"https:\\\/\\\/www.instagram.com\\\/popswassenaar\"]}]}<\/script>\n<!-- \/ Yoast SEO plugin. -->","yoast_head_json":{"title":"Menu | Pops Wassenaar","description":"Stap binnen bij POPS en laat je meenemen naar de smaken van de Amerikaanse keuken. Pops heeft een lunchkaart, dinerkaart en een drankenkaart.","robots":{"index":"index","follow":"follow","max-snippet":"max-snippet:-1","max-image-preview":"max-image-preview:large","max-video-preview":"max-video-preview:-1"},"canonical":"https:\/\/pops.nl\/de\/menu\/","og_locale":"de_DE","og_type":"article","og_title":"Menu | Pops Wassenaar","og_description":"Stap binnen bij POPS en laat je meenemen naar de smaken van de Amerikaanse keuken. Pops heeft een lunchkaart, dinerkaart en een drankenkaart.","og_url":"https:\/\/pops.nl\/de\/menu\/","og_site_name":"pops.nl","article_publisher":"https:\/\/www.facebook.com\/popswassenaar","article_modified_time":"2026-04-13T13:52:41+00:00","twitter_card":"summary_large_image","twitter_misc":{"Gesch\u00e4tzte Lesezeit":"1\u00a0Minute"},"schema":{"@context":"https:\/\/schema.org","@graph":[{"@type":"WebPage","@id":"https:\/\/pops.nl\/menu\/","url":"https:\/\/pops.nl\/menu\/","name":"Menu | Pops Wassenaar","isPartOf":{"@id":"https:\/\/pops.nl\/#website"},"datePublished":"2026-03-30T18:17:07+00:00","dateModified":"2026-04-13T13:52:41+00:00","description":"Stap binnen bij POPS en laat je meenemen naar de smaken van de Amerikaanse keuken. Pops heeft een lunchkaart, dinerkaart en een drankenkaart.","breadcrumb":{"@id":"https:\/\/pops.nl\/menu\/#breadcrumb"},"inLanguage":"de","potentialAction":[{"@type":"ReadAction","target":["https:\/\/pops.nl\/menu\/"]}]},{"@type":"BreadcrumbList","@id":"https:\/\/pops.nl\/menu\/#breadcrumb","itemListElement":[{"@type":"ListItem","position":1,"name":"Home","item":"https:\/\/pops.nl\/"},{"@type":"ListItem","position":2,"name":"Menu"}]},{"@type":"WebSite","@id":"https:\/\/pops.nl\/#website","url":"https:\/\/pops.nl\/","name":"Pops","description":"","publisher":{"@id":"https:\/\/pops.nl\/#organization"},"potentialAction":[{"@type":"SearchAction","target":{"@type":"EntryPoint","urlTemplate":"https:\/\/pops.nl\/?s={search_term_string}"},"query-input":{"@type":"PropertyValueSpecification","valueRequired":true,"valueName":"search_term_string"}}],"inLanguage":"de"},{"@type":"Organization","@id":"https:\/\/pops.nl\/#organization","name":"Pops","url":"https:\/\/pops.nl\/","logo":{"@type":"ImageObject","inLanguage":"de","@id":"https:\/\/pops.nl\/#\/schema\/logo\/image\/","url":"https:\/\/pops.nl\/wp-content\/uploads\/2026\/03\/logo.png","contentUrl":"https:\/\/pops.nl\/wp-content\/uploads\/2026\/03\/logo.png","width":233,"height":143,"caption":"Pops"},"image":{"@id":"https:\/\/pops.nl\/#\/schema\/logo\/image\/"},"sameAs":["https:\/\/www.facebook.com\/popswassenaar","https:\/\/www.instagram.com\/popswassenaar"]}]}},"_links":{"self":[{"href":"https:\/\/pops.nl\/de\/wp-json\/wp\/v2\/pages\/156","targetHints":{"allow":["GET"]}}],"collection":[{"href":"https:\/\/pops.nl\/de\/wp-json\/wp\/v2\/pages"}],"about":[{"href":"https:\/\/pops.nl\/de\/wp-json\/wp\/v2\/types\/page"}],"author":[{"embeddable":true,"href":"https:\/\/pops.nl\/de\/wp-json\/wp\/v2\/users\/1"}],"replies":[{"embeddable":true,"href":"https:\/\/pops.nl\/de\/wp-json\/wp\/v2\/comments?post=156"}],"version-history":[{"count":18,"href":"https:\/\/pops.nl\/de\/wp-json\/wp\/v2\/pages\/156\/revisions"}],"predecessor-version":[{"id":284,"href":"https:\/\/pops.nl\/de\/wp-json\/wp\/v2\/pages\/156\/revisions\/284"}],"wp:attachment":[{"href":"https:\/\/pops.nl\/de\/wp-json\/wp\/v2\/media?parent=156"}],"curies":[{"name":"wp","href":"https:\/\/api.w.org\/{rel}","templated":true}]}}